{"id":1442,"date":"2018-05-15T13:27:36","date_gmt":"2018-05-15T13:27:36","guid":{"rendered":"http:\/\/berghoff2020.berghoff.eu\/?page_id=1442"},"modified":"2026-04-21T17:26:01","modified_gmt":"2026-04-21T15:26:01","slug":"datenschutzerklaerung-online-bewerbungstool","status":"publish","type":"page","link":"https:\/\/berghoff.eu\/en\/datenschutzerklaerung-online-bewerbungstool\/","title":{"rendered":"Datenschutzerkl\u00e4rung Online-Bewerbungstool"},"content":{"rendered":"\t\t<div data-elementor-type=\"wp-page\" data-elementor-id=\"1442\" class=\"elementor elementor-1442\" data-elementor-post-type=\"page\">\n\t\t\t\t\t\t<section class=\"elementor-section elementor-top-section elementor-element elementor-element-51945c39 elementor-section-height-min-height elementor-hidden-phone elementor-hidden-tablet elementor-section-items-top elementor-section-boxed elementor-section-height-default\" data-id=\"51945c39\" data-element_type=\"section\" data-e-type=\"section\" data-settings=\"{&quot;background_background&quot;:&quot;classic&quot;,&quot;shape_divider_bottom&quot;:&quot;tilt&quot;,&quot;motion_fx_motion_fx_scrolling&quot;:&quot;yes&quot;,&quot;motion_fx_opacity_effect&quot;:&quot;yes&quot;,&quot;motion_fx_opacity_direction&quot;:&quot;in-out&quot;,&quot;motion_fx_opacity_range&quot;:{&quot;unit&quot;:&quot;%&quot;,&quot;size&quot;:&quot;&quot;,&quot;sizes&quot;:{&quot;start&quot;:64,&quot;end&quot;:100}},&quot;motion_fx_blur_effect&quot;:&quot;yes&quot;,&quot;motion_fx_blur_direction&quot;:&quot;in-out&quot;,&quot;motion_fx_blur_level&quot;:{&quot;unit&quot;:&quot;px&quot;,&quot;size&quot;:9,&quot;sizes&quot;:[]},&quot;motion_fx_blur_range&quot;:{&quot;unit&quot;:&quot;%&quot;,&quot;size&quot;:&quot;&quot;,&quot;sizes&quot;:{&quot;start&quot;:54,&quot;end&quot;:92}},&quot;motion_fx_opacity_level&quot;:{&quot;unit&quot;:&quot;px&quot;,&quot;size&quot;:10,&quot;sizes&quot;:[]},&quot;motion_fx_devices&quot;:[&quot;desktop&quot;,&quot;tablet&quot;,&quot;mobile&quot;]}\">\n\t\t\t\t\t\t\t<div class=\"elementor-background-overlay\"><\/div>\n\t\t\t\t\t\t<div class=\"elementor-shape elementor-shape-bottom\" aria-hidden=\"true\" data-negative=\"false\">\n\t\t\t<svg xmlns=\"http:\/\/www.w3.org\/2000\/svg\" viewBox=\"0 0 1000 100\" preserveAspectRatio=\"none\">\n\t<path class=\"elementor-shape-fill\" d=\"M0,6V0h1000v100L0,6z\"\/>\n<\/svg>\t\t<\/div>\n\t\t\t\t\t<div class=\"elementor-container elementor-column-gap-default\">\n\t\t\t\t\t<div class=\"elementor-column elementor-col-100 elementor-top-column elementor-element elementor-element-4d91dac3\" data-id=\"4d91dac3\" data-element_type=\"column\" data-e-type=\"column\">\n\t\t\t<div class=\"elementor-widget-wrap elementor-element-populated\">\n\t\t\t\t\t\t<div class=\"elementor-element elementor-element-7548b16d animated-slow uael-dual-heading-align-left elementor-invisible elementor-widget elementor-widget-uael-dual-color-heading\" data-id=\"7548b16d\" data-element_type=\"widget\" data-e-type=\"widget\" data-settings=\"{&quot;motion_fx_motion_fx_mouse&quot;:&quot;yes&quot;,&quot;_animation&quot;:&quot;fadeInLeft&quot;,&quot;_animation_delay&quot;:300}\" data-widget_type=\"uael-dual-color-heading.default\">\n\t\t\t\t<div class=\"elementor-widget-container\">\n\t\t\t\t\t\t\t\t\t<div class=\"uael-module-content uael-dual-color-heading uael-heading-stack-tablet\">\n\t\t\t<h3>\n\t\t\t\t\t\t\t\t\t\t\t\t\t\t\t\t<span class=\"uael-before-heading\"><span class=\"elementor-inline-editing uael-dual-heading-text uael-first-text\" data-elementor-setting-key=\"before_heading_text\" data-elementor-inline-editing-toolbar=\"basic\">UNSERE<\/span><\/span><span class=\"uael-adv-heading-stack\"><span class=\"elementor-inline-editing uael-dual-heading-text uael-highlight-text\" data-elementor-setting-key=\"second_heading_text\" data-elementor-inline-editing-toolbar=\"basic\"><\/span><\/span>\t\t\t\t\t\t\t\t\t\t\t\t\t<\/h3>\n\t\t<\/div>\n\t\t\t\t\t\t<\/div>\n\t\t\t\t<\/div>\n\t\t\t\t<div class=\"elementor-element elementor-element-5c75ee1d animated-slow uael-dual-heading-align-left elementor-invisible elementor-widget elementor-widget-uael-dual-color-heading\" data-id=\"5c75ee1d\" data-element_type=\"widget\" data-e-type=\"widget\" data-settings=\"{&quot;motion_fx_motion_fx_scrolling&quot;:&quot;yes&quot;,&quot;motion_fx_motion_fx_mouse&quot;:&quot;yes&quot;,&quot;_animation&quot;:&quot;fadeInLeft&quot;,&quot;_animation_delay&quot;:1500,&quot;motion_fx_devices&quot;:[&quot;desktop&quot;,&quot;tablet&quot;,&quot;mobile&quot;]}\" data-widget_type=\"uael-dual-color-heading.default\">\n\t\t\t\t<div class=\"elementor-widget-container\">\n\t\t\t\t\t\t\t\t\t<div class=\"uael-module-content uael-dual-color-heading uael-heading-stack-tablet\">\n\t\t\t<h1>\n\t\t\t\t\t\t\t\t\t\t\t\t\t\t\t\t<span class=\"uael-before-heading\"><span class=\"elementor-inline-editing uael-dual-heading-text uael-first-text\" data-elementor-setting-key=\"before_heading_text\" data-elementor-inline-editing-toolbar=\"basic\"><\/span><\/span><span class=\"uael-adv-heading-stack\"><span class=\"elementor-inline-editing uael-dual-heading-text uael-highlight-text\" data-elementor-setting-key=\"second_heading_text\" data-elementor-inline-editing-toolbar=\"basic\">DATENSCHUTZERKL\u00c4RUNG<\/span><\/span>\t\t\t\t\t\t\t\t\t\t\t\t\t<\/h1>\n\t\t<\/div>\n\t\t\t\t\t\t<\/div>\n\t\t\t\t<\/div>\n\t\t\t\t\t<\/div>\n\t\t<\/div>\n\t\t\t\t\t<\/div>\n\t\t<\/section>\n\t\t\t\t<section class=\"elementor-section elementor-top-section elementor-element elementor-element-556cdfa5 elementor-section-full_width elementor-section-height-min-height elementor-hidden-desktop elementor-section-height-default elementor-section-items-middle\" data-id=\"556cdfa5\" data-element_type=\"section\" data-e-type=\"section\" data-settings=\"{&quot;background_background&quot;:&quot;classic&quot;,&quot;shape_divider_bottom&quot;:&quot;triangle-asymmetrical&quot;,&quot;motion_fx_motion_fx_scrolling&quot;:&quot;yes&quot;,&quot;motion_fx_opacity_effect&quot;:&quot;yes&quot;,&quot;motion_fx_opacity_direction&quot;:&quot;in-out&quot;,&quot;motion_fx_opacity_range&quot;:{&quot;unit&quot;:&quot;%&quot;,&quot;size&quot;:&quot;&quot;,&quot;sizes&quot;:{&quot;start&quot;:64,&quot;end&quot;:100}},&quot;motion_fx_blur_effect&quot;:&quot;yes&quot;,&quot;motion_fx_blur_direction&quot;:&quot;in-out&quot;,&quot;motion_fx_blur_level&quot;:{&quot;unit&quot;:&quot;px&quot;,&quot;size&quot;:9,&quot;sizes&quot;:[]},&quot;motion_fx_blur_range&quot;:{&quot;unit&quot;:&quot;%&quot;,&quot;size&quot;:&quot;&quot;,&quot;sizes&quot;:{&quot;start&quot;:54,&quot;end&quot;:92}},&quot;motion_fx_opacity_level&quot;:{&quot;unit&quot;:&quot;px&quot;,&quot;size&quot;:10,&quot;sizes&quot;:[]},&quot;motion_fx_devices&quot;:[&quot;desktop&quot;,&quot;tablet&quot;,&quot;mobile&quot;]}\">\n\t\t\t\t\t<div class=\"elementor-shape elementor-shape-bottom\" aria-hidden=\"true\" data-negative=\"false\">\n\t\t\t<svg xmlns=\"http:\/\/www.w3.org\/2000\/svg\" viewBox=\"0 0 1000 100\" preserveAspectRatio=\"none\">\n\t<path class=\"elementor-shape-fill\" d=\"M738,99l262-93V0H0v5.6L738,99z\"\/>\n<\/svg>\t\t<\/div>\n\t\t\t\t\t<div class=\"elementor-container elementor-column-gap-default\">\n\t\t\t\t\t<div class=\"elementor-column elementor-col-50 elementor-top-column elementor-element elementor-element-23fa2d5c\" data-id=\"23fa2d5c\" data-element_type=\"column\" data-e-type=\"column\">\n\t\t\t<div class=\"elementor-widget-wrap elementor-element-populated\">\n\t\t\t\t\t\t<div class=\"elementor-element elementor-element-4cd0c9f4 animated-slow uael-dual-heading-align-left elementor-invisible elementor-widget elementor-widget-uael-dual-color-heading\" data-id=\"4cd0c9f4\" data-element_type=\"widget\" data-e-type=\"widget\" data-settings=\"{&quot;motion_fx_motion_fx_mouse&quot;:&quot;yes&quot;,&quot;_animation&quot;:&quot;fadeInLeft&quot;,&quot;_animation_delay&quot;:300}\" data-widget_type=\"uael-dual-color-heading.default\">\n\t\t\t\t<div class=\"elementor-widget-container\">\n\t\t\t\t\t\t\t\t\t<div class=\"uael-module-content uael-dual-color-heading uael-heading-stack-mobile\">\n\t\t\t<h3>\n\t\t\t\t\t\t\t\t\t\t\t\t\t\t\t\t<span class=\"uael-before-heading\"><span class=\"elementor-inline-editing uael-dual-heading-text uael-first-text\" data-elementor-setting-key=\"before_heading_text\" data-elementor-inline-editing-toolbar=\"basic\">UNSERE<\/span><\/span><span class=\"uael-adv-heading-stack\"><span class=\"elementor-inline-editing uael-dual-heading-text uael-highlight-text\" data-elementor-setting-key=\"second_heading_text\" data-elementor-inline-editing-toolbar=\"basic\"><\/span><\/span>\t\t\t\t\t\t\t\t\t\t\t\t\t<\/h3>\n\t\t<\/div>\n\t\t\t\t\t\t<\/div>\n\t\t\t\t<\/div>\n\t\t\t\t<div class=\"elementor-element elementor-element-155f0e1b animated-slow uael-dual-heading-align-left elementor-invisible elementor-widget elementor-widget-uael-dual-color-heading\" data-id=\"155f0e1b\" data-element_type=\"widget\" data-e-type=\"widget\" data-settings=\"{&quot;motion_fx_motion_fx_scrolling&quot;:&quot;yes&quot;,&quot;motion_fx_motion_fx_mouse&quot;:&quot;yes&quot;,&quot;_animation&quot;:&quot;fadeInLeft&quot;,&quot;_animation_delay&quot;:1500,&quot;motion_fx_devices&quot;:[&quot;desktop&quot;,&quot;tablet&quot;,&quot;mobile&quot;]}\" data-widget_type=\"uael-dual-color-heading.default\">\n\t\t\t\t<div class=\"elementor-widget-container\">\n\t\t\t\t\t\t\t\t\t<div class=\"uael-module-content uael-dual-color-heading uael-heading-stack-tablet\">\n\t\t\t<h3>\n\t\t\t\t\t\t\t\t\t\t\t\t\t\t\t\t<span class=\"uael-before-heading\"><span class=\"elementor-inline-editing uael-dual-heading-text uael-first-text\" data-elementor-setting-key=\"before_heading_text\" data-elementor-inline-editing-toolbar=\"basic\"><\/span><\/span><span class=\"uael-adv-heading-stack\"><span class=\"elementor-inline-editing uael-dual-heading-text uael-highlight-text\" data-elementor-setting-key=\"second_heading_text\" data-elementor-inline-editing-toolbar=\"basic\">FOKUSBRANCHEN<\/span><\/span>\t\t\t\t\t\t\t\t\t\t\t\t\t<\/h3>\n\t\t<\/div>\n\t\t\t\t\t\t<\/div>\n\t\t\t\t<\/div>\n\t\t\t\t<div class=\"elementor-element elementor-element-73a21299 animated-slow elementor-invisible elementor-widget elementor-widget-text-editor\" data-id=\"73a21299\" data-element_type=\"widget\" data-e-type=\"widget\" data-settings=\"{&quot;_animation&quot;:&quot;fadeIn&quot;,&quot;_animation_delay&quot;:4000}\" data-widget_type=\"text-editor.default\">\n\t\t\t\t<div class=\"elementor-widget-container\">\n\t\t\t\t\t\t\t\t\tKonzentriert auf hohen Anspruch\t\t\t\t\t\t\t\t<\/div>\n\t\t\t\t<\/div>\n\t\t\t\t\t<\/div>\n\t\t<\/div>\n\t\t\t\t<div class=\"elementor-column elementor-col-50 elementor-top-column elementor-element elementor-element-30c20363\" data-id=\"30c20363\" data-element_type=\"column\" data-e-type=\"column\">\n\t\t\t<div class=\"elementor-widget-wrap\">\n\t\t\t\t\t\t\t<\/div>\n\t\t<\/div>\n\t\t\t\t\t<\/div>\n\t\t<\/section>\n\t\t<div class=\"elementor-element elementor-element-70346c5 e-flex e-con-boxed e-con e-parent\" data-id=\"70346c5\" data-element_type=\"container\" data-e-type=\"container\" data-settings=\"{&quot;background_background&quot;:&quot;classic&quot;}\">\n\t\t\t\t\t<div class=\"e-con-inner\">\n\t\t<div class=\"elementor-element elementor-element-43e6de1 e-con-full e-flex e-con e-child\" data-id=\"43e6de1\" data-element_type=\"container\" data-e-type=\"container\" data-settings=\"{&quot;background_background&quot;:&quot;classic&quot;}\">\n\t\t\t\t<div class=\"elementor-element elementor-element-877517e uael-heading-align-left elementor-widget elementor-widget-uael-advanced-heading\" data-id=\"877517e\" data-element_type=\"widget\" data-e-type=\"widget\" data-widget_type=\"uael-advanced-heading.default\">\n\t\t\t\t<div class=\"elementor-widget-container\">\n\t\t\t\t\t\n\t\t<div class=\"uael-module-content uael-heading-wrapper\">\n\t\t\t\t\t\t\n\t\t\t<h3 class=\"uael-heading\">\n\t\t\t\t\t\t\t\t\t\t<span class=\"uael-heading-text elementor-inline-editing uael-size--default\" data-elementor-setting-key=\"heading_title\" data-elementor-inline-editing-toolbar=\"basic\">Datenschutzerkl\u00e4rung Online Bewerbungstool<\/span>\n\t\t\t\t\t\t\t<\/h3>\n\n\t\t\t\n\t\t\t\t\t\t<div class=\"uael-module-content uael-separator-parent\">\n\t\t\t\t\t\t\t\t<div class=\"uael-separator-wrap\">\n\t\t\t\t\t<div class=\"uael-separator-line uael-side-left\">\n\t\t\t\t\t\t<span><\/span>\n\t\t\t\t\t<\/div>\n\t\t\t\t\t<div class=\"uael-divider-content\">\n\t\t\t\t\t\t\t\t\t\t\t\t<span class=\"uael-divider-text elementor-inline-editing\" data-elementor-setting-key=\"heading_line_text\" data-elementor-inline-editing-toolbar=\"basic\"><\/span>\n\t\t\t\t\t<\/div>\n\t\t\t\t\t<div class=\"uael-separator-line uael-side-right\">\n\t\t\t\t\t\t<span><\/span>\n\t\t\t\t\t<\/div>\n\t\t\t\t<\/div>\n\t\t\t\t\t\t\t\t\t\t<\/div>\n\t\t\t\n\t\t\t\n\t\t\t\t\t\t<\/div>\n\t\t\t\t\t\t<\/div>\n\t\t\t\t<\/div>\n\t\t\t\t<div class=\"elementor-element elementor-element-be001d0 elementor-widget elementor-widget-heading\" data-id=\"be001d0\" data-element_type=\"widget\" data-e-type=\"widget\" data-widget_type=\"heading.default\">\n\t\t\t\t<div class=\"elementor-widget-container\">\n\t\t\t\t\t<h2 class=\"elementor-heading-title elementor-size-default\">Inhalte werden aktuell \u00fcberarbeitet.<\/h2>\t\t\t\t<\/div>\n\t\t\t\t<\/div>\n\t\t\t\t<div class=\"elementor-element elementor-element-7b0a367 elementor-widget elementor-widget-text-editor\" data-id=\"7b0a367\" data-element_type=\"widget\" data-e-type=\"widget\" data-widget_type=\"text-editor.default\">\n\t\t\t\t<div class=\"elementor-widget-container\">\n\t\t\t\t\t\t\t\t\t<p><b>Datenschutzbeauftragter<\/b><\/p><p>Kontaktdaten des internen Datenschutzbeauftragten:<\/p><p>Andr\u00e8 Korte<br \/>Jurando GmbH<br \/>Freiherr-vom-Stein-Stra\u00dfe 34<br \/>58511 L\u00fcdenscheid<br \/>E-Mail: datenschutzbeauftragter@jurando.de<br \/>Telefon: +49 2351 6563180<\/p>\t\t\t\t\t\t\t\t<\/div>\n\t\t\t\t<\/div>\n\t\t\t\t<\/div>\n\t\t<div class=\"elementor-element elementor-element-881e6ce e-con-full e-flex e-con e-child\" data-id=\"881e6ce\" data-element_type=\"container\" data-e-type=\"container\" data-settings=\"{&quot;background_background&quot;:&quot;classic&quot;}\">\n\t\t\t\t<div class=\"elementor-element elementor-element-1d3f341 uael-heading-align-left elementor-widget elementor-widget-uael-advanced-heading\" data-id=\"1d3f341\" data-element_type=\"widget\" data-e-type=\"widget\" data-widget_type=\"uael-advanced-heading.default\">\n\t\t\t\t<div class=\"elementor-widget-container\">\n\t\t\t\t\t\n\t\t<div class=\"uael-module-content uael-heading-wrapper\">\n\t\t\t\t\t\t\n\t\t\t<h3 class=\"uael-heading\">\n\t\t\t\t\t\t\t\t\t\t<span class=\"uael-heading-text elementor-inline-editing uael-size--default\" data-elementor-setting-key=\"heading_title\" data-elementor-inline-editing-toolbar=\"basic\">Privacy Policy Online Application Tool<\/span>\n\t\t\t\t\t\t\t<\/h3>\n\n\t\t\t\n\t\t\t\t\t\t<div class=\"uael-module-content uael-separator-parent\">\n\t\t\t\t\t\t\t\t<div class=\"uael-separator-wrap\">\n\t\t\t\t\t<div class=\"uael-separator-line uael-side-left\">\n\t\t\t\t\t\t<span><\/span>\n\t\t\t\t\t<\/div>\n\t\t\t\t\t<div class=\"uael-divider-content\">\n\t\t\t\t\t\t\t\t\t\t\t\t<span class=\"uael-divider-text elementor-inline-editing\" data-elementor-setting-key=\"heading_line_text\" data-elementor-inline-editing-toolbar=\"basic\"><\/span>\n\t\t\t\t\t<\/div>\n\t\t\t\t\t<div class=\"uael-separator-line uael-side-right\">\n\t\t\t\t\t\t<span><\/span>\n\t\t\t\t\t<\/div>\n\t\t\t\t<\/div>\n\t\t\t\t\t\t\t\t\t\t<\/div>\n\t\t\t\n\t\t\t\n\t\t\t\t\t\t<\/div>\n\t\t\t\t\t\t<\/div>\n\t\t\t\t<\/div>\n\t\t\t\t<div class=\"elementor-element elementor-element-f1cf01d elementor-widget elementor-widget-heading\" data-id=\"f1cf01d\" data-element_type=\"widget\" data-e-type=\"widget\" data-widget_type=\"heading.default\">\n\t\t\t\t<div class=\"elementor-widget-container\">\n\t\t\t\t\t<h2 class=\"elementor-heading-title elementor-size-default\">Content is currently being revised.<\/h2>\t\t\t\t<\/div>\n\t\t\t\t<\/div>\n\t\t\t\t<div class=\"elementor-element elementor-element-e5e28e0 elementor-widget__width-initial elementor-widget elementor-widget-text-editor\" data-id=\"e5e28e0\" data-element_type=\"widget\" data-e-type=\"widget\" data-widget_type=\"text-editor.default\">\n\t\t\t\t<div class=\"elementor-widget-container\">\n\t\t\t\t\t\t\t\t\t<div><p><b>Data protection officer<\/b><\/p><\/div><div>Contact details of the internal data protection officer:<\/div><p>Andr\u00e8 Korte<br \/>Jurando GmbH<br \/>Freiherr-vom-Stein-Stra\u00dfe 34<br \/>58511 L\u00fcdenscheid<br \/>E-Mail: datenschutzbeauftragter@jurando.de<br \/>Telefon: +49 2351 6563180<\/p>\t\t\t\t\t\t\t\t<\/div>\n\t\t\t\t<\/div>\n\t\t\t\t<\/div>\n\t\t\t\t\t<\/div>\n\t\t\t\t<\/div>\n\t\t\t\t<\/div>\n\t\t","protected":false},"excerpt":{"rendered":"<p>UNSERE DATENSCHUTZERKL\u00c4RUNG UNSERE FOKUSBRANCHEN Konzentriert auf hohen Anspruch Datenschutzerkl\u00e4rung Online Bewerbungstool Inhalte werden aktuell \u00fcberarbeitet. Datenschutzbeauftragter Kontaktdaten des internen Datenschutzbeauftragten: Andr\u00e8 KorteJurando GmbHFreiherr-vom-Stein-Stra\u00dfe 3458511 L\u00fcdenscheidE-Mail: datenschutzbeauftragter@jurando.deTelefon: +49 2351 6563180 Privacy Policy Online Application Tool Content is currently being revised. Data protection officer Contact details of the internal data protection officer: Andr\u00e8 KorteJurando GmbHFreiherr-vom-Stein-Stra\u00dfe 3458511 L\u00fcdenscheidE-Mail: [&hellip;]<\/p>\n","protected":false},"author":1,"featured_media":0,"parent":0,"menu_order":0,"comment_status":"closed","ping_status":"closed","template":"elementor_header_footer","meta":{"footnotes":""},"class_list":["post-1442","page","type-page","status-publish","hentry"],"yoast_head":"<!-- This site is optimized with the Yoast SEO plugin v27.2 - https:\/\/yoast.com\/product\/yoast-seo-wordpress\/ -->\n<title>Datenschutzerkl\u00e4rung Online-Bewerbungstool | pure performance - absolute precision<\/title>\n<meta name=\"robots\" content=\"index, follow, max-snippet:-1, max-image-preview:large, max-video-preview:-1\" \/>\n<link rel=\"canonical\" href=\"https:\/\/berghoff.eu\/en\/datenschutzerklaerung-online-bewerbungstool\/\" \/>\n<meta property=\"og:locale\" content=\"en_US\" \/>\n<meta property=\"og:type\" content=\"article\" \/>\n<meta property=\"og:title\" content=\"Datenschutzerkl\u00e4rung Online-Bewerbungstool | pure performance - absolute precision\" \/>\n<meta property=\"og:description\" content=\"UNSERE DATENSCHUTZERKL\u00c4RUNG UNSERE FOKUSBRANCHEN Konzentriert auf hohen Anspruch Datenschutzerkl\u00e4rung Online Bewerbungstool Inhalte werden aktuell \u00fcberarbeitet. Datenschutzbeauftragter Kontaktdaten des internen Datenschutzbeauftragten: Andr\u00e8 KorteJurando GmbHFreiherr-vom-Stein-Stra\u00dfe 3458511 L\u00fcdenscheidE-Mail: datenschutzbeauftragter@jurando.deTelefon: +49 2351 6563180 Privacy Policy Online Application Tool Content is currently being revised. Data protection officer Contact details of the internal data protection officer: Andr\u00e8 KorteJurando GmbHFreiherr-vom-Stein-Stra\u00dfe 3458511 L\u00fcdenscheidE-Mail: [&hellip;]\" \/>\n<meta property=\"og:url\" content=\"https:\/\/berghoff.eu\/en\/datenschutzerklaerung-online-bewerbungstool\/\" \/>\n<meta property=\"og:site_name\" content=\"pure performance - absolute precision\" \/>\n<meta property=\"article:modified_time\" content=\"2026-04-21T15:26:01+00:00\" \/>\n<meta name=\"twitter:card\" content=\"summary_large_image\" \/>\n<meta name=\"twitter:label1\" content=\"Est. reading time\" \/>\n\t<meta name=\"twitter:data1\" content=\"21 minutes\" \/>\n<script type=\"application\/ld+json\" class=\"yoast-schema-graph\">{\"@context\":\"https:\/\/schema.org\",\"@graph\":[{\"@type\":\"WebPage\",\"@id\":\"https:\/\/berghoff.eu\/datenschutzerklaerung-online-bewerbungstool\/\",\"url\":\"https:\/\/berghoff.eu\/datenschutzerklaerung-online-bewerbungstool\/\",\"name\":\"Datenschutzerkl\u00e4rung Online-Bewerbungstool | pure performance - absolute precision\",\"isPartOf\":{\"@id\":\"https:\/\/berghoff.eu\/#website\"},\"datePublished\":\"2018-05-15T13:27:36+00:00\",\"dateModified\":\"2026-04-21T15:26:01+00:00\",\"breadcrumb\":{\"@id\":\"https:\/\/berghoff.eu\/datenschutzerklaerung-online-bewerbungstool\/#breadcrumb\"},\"inLanguage\":\"en-US\",\"potentialAction\":[{\"@type\":\"ReadAction\",\"target\":[\"https:\/\/berghoff.eu\/datenschutzerklaerung-online-bewerbungstool\/\"]}]},{\"@type\":\"BreadcrumbList\",\"@id\":\"https:\/\/berghoff.eu\/datenschutzerklaerung-online-bewerbungstool\/#breadcrumb\",\"itemListElement\":[{\"@type\":\"ListItem\",\"position\":1,\"name\":\"Startseite\",\"item\":\"https:\/\/berghoff.eu\/\"},{\"@type\":\"ListItem\",\"position\":2,\"name\":\"Datenschutzerkl\u00e4rung Online-Bewerbungstool\"}]},{\"@type\":\"WebSite\",\"@id\":\"https:\/\/berghoff.eu\/#website\",\"url\":\"https:\/\/berghoff.eu\/\",\"name\":\"Berghoff GmbH & Co. KG\",\"description\":\"hochpr\u00e4zise | flexibel | innovativ\",\"publisher\":{\"@id\":\"https:\/\/berghoff.eu\/#organization\"},\"potentialAction\":[{\"@type\":\"SearchAction\",\"target\":{\"@type\":\"EntryPoint\",\"urlTemplate\":\"https:\/\/berghoff.eu\/?s={search_term_string}\"},\"query-input\":{\"@type\":\"PropertyValueSpecification\",\"valueRequired\":true,\"valueName\":\"search_term_string\"}}],\"inLanguage\":\"en-US\"},{\"@type\":\"Organization\",\"@id\":\"https:\/\/berghoff.eu\/#organization\",\"name\":\"pure performance - absolute precision\",\"url\":\"https:\/\/berghoff.eu\/\",\"logo\":{\"@type\":\"ImageObject\",\"inLanguage\":\"en-US\",\"@id\":\"https:\/\/berghoff.eu\/#\/schema\/logo\/image\/\",\"url\":\"https:\/\/berghoff.eu\/wp-content\/uploads\/2022\/02\/berghoff_logo_neu_schwarz-Claim2020.svg\",\"contentUrl\":\"https:\/\/berghoff.eu\/wp-content\/uploads\/2022\/02\/berghoff_logo_neu_schwarz-Claim2020.svg\",\"width\":502,\"height\":72,\"caption\":\"pure performance - absolute precision\"},\"image\":{\"@id\":\"https:\/\/berghoff.eu\/#\/schema\/logo\/image\/\"},\"sameAs\":[\"https:\/\/de.linkedin.com\/company\/berghoff-group---pure-performance-absolute-precision\"]}]}<\/script>\n<!-- \/ Yoast SEO plugin. -->","yoast_head_json":{"title":"Datenschutzerkl\u00e4rung Online-Bewerbungstool | pure performance - absolute precision","robots":{"index":"index","follow":"follow","max-snippet":"max-snippet:-1","max-image-preview":"max-image-preview:large","max-video-preview":"max-video-preview:-1"},"canonical":"https:\/\/berghoff.eu\/en\/datenschutzerklaerung-online-bewerbungstool\/","og_locale":"en_US","og_type":"article","og_title":"Datenschutzerkl\u00e4rung Online-Bewerbungstool | pure performance - absolute precision","og_description":"UNSERE DATENSCHUTZERKL\u00c4RUNG UNSERE FOKUSBRANCHEN Konzentriert auf hohen Anspruch Datenschutzerkl\u00e4rung Online Bewerbungstool Inhalte werden aktuell \u00fcberarbeitet. Datenschutzbeauftragter Kontaktdaten des internen Datenschutzbeauftragten: Andr\u00e8 KorteJurando GmbHFreiherr-vom-Stein-Stra\u00dfe 3458511 L\u00fcdenscheidE-Mail: datenschutzbeauftragter@jurando.deTelefon: +49 2351 6563180 Privacy Policy Online Application Tool Content is currently being revised. Data protection officer Contact details of the internal data protection officer: Andr\u00e8 KorteJurando GmbHFreiherr-vom-Stein-Stra\u00dfe 3458511 L\u00fcdenscheidE-Mail: [&hellip;]","og_url":"https:\/\/berghoff.eu\/en\/datenschutzerklaerung-online-bewerbungstool\/","og_site_name":"pure performance - absolute precision","article_modified_time":"2026-04-21T15:26:01+00:00","twitter_card":"summary_large_image","twitter_misc":{"Est. reading time":"21 minutes"},"schema":{"@context":"https:\/\/schema.org","@graph":[{"@type":"WebPage","@id":"https:\/\/berghoff.eu\/datenschutzerklaerung-online-bewerbungstool\/","url":"https:\/\/berghoff.eu\/datenschutzerklaerung-online-bewerbungstool\/","name":"Datenschutzerkl\u00e4rung Online-Bewerbungstool | pure performance - absolute precision","isPartOf":{"@id":"https:\/\/berghoff.eu\/#website"},"datePublished":"2018-05-15T13:27:36+00:00","dateModified":"2026-04-21T15:26:01+00:00","breadcrumb":{"@id":"https:\/\/berghoff.eu\/datenschutzerklaerung-online-bewerbungstool\/#breadcrumb"},"inLanguage":"en-US","potentialAction":[{"@type":"ReadAction","target":["https:\/\/berghoff.eu\/datenschutzerklaerung-online-bewerbungstool\/"]}]},{"@type":"BreadcrumbList","@id":"https:\/\/berghoff.eu\/datenschutzerklaerung-online-bewerbungstool\/#breadcrumb","itemListElement":[{"@type":"ListItem","position":1,"name":"Startseite","item":"https:\/\/berghoff.eu\/"},{"@type":"ListItem","position":2,"name":"Datenschutzerkl\u00e4rung Online-Bewerbungstool"}]},{"@type":"WebSite","@id":"https:\/\/berghoff.eu\/#website","url":"https:\/\/berghoff.eu\/","name":"Berghoff GmbH & Co. KG","description":"hochpr\u00e4zise | flexibel | innovativ","publisher":{"@id":"https:\/\/berghoff.eu\/#organization"},"potentialAction":[{"@type":"SearchAction","target":{"@type":"EntryPoint","urlTemplate":"https:\/\/berghoff.eu\/?s={search_term_string}"},"query-input":{"@type":"PropertyValueSpecification","valueRequired":true,"valueName":"search_term_string"}}],"inLanguage":"en-US"},{"@type":"Organization","@id":"https:\/\/berghoff.eu\/#organization","name":"pure performance - absolute precision","url":"https:\/\/berghoff.eu\/","logo":{"@type":"ImageObject","inLanguage":"en-US","@id":"https:\/\/berghoff.eu\/#\/schema\/logo\/image\/","url":"https:\/\/berghoff.eu\/wp-content\/uploads\/2022\/02\/berghoff_logo_neu_schwarz-Claim2020.svg","contentUrl":"https:\/\/berghoff.eu\/wp-content\/uploads\/2022\/02\/berghoff_logo_neu_schwarz-Claim2020.svg","width":502,"height":72,"caption":"pure performance - absolute precision"},"image":{"@id":"https:\/\/berghoff.eu\/#\/schema\/logo\/image\/"},"sameAs":["https:\/\/de.linkedin.com\/company\/berghoff-group---pure-performance-absolute-precision"]}]}},"_links":{"self":[{"href":"https:\/\/berghoff.eu\/en\/wp-json\/wp\/v2\/pages\/1442","targetHints":{"allow":["GET"]}}],"collection":[{"href":"https:\/\/berghoff.eu\/en\/wp-json\/wp\/v2\/pages"}],"about":[{"href":"https:\/\/berghoff.eu\/en\/wp-json\/wp\/v2\/types\/page"}],"author":[{"embeddable":true,"href":"https:\/\/berghoff.eu\/en\/wp-json\/wp\/v2\/users\/1"}],"replies":[{"embeddable":true,"href":"https:\/\/berghoff.eu\/en\/wp-json\/wp\/v2\/comments?post=1442"}],"version-history":[{"count":25,"href":"https:\/\/berghoff.eu\/en\/wp-json\/wp\/v2\/pages\/1442\/revisions"}],"predecessor-version":[{"id":6195,"href":"https:\/\/berghoff.eu\/en\/wp-json\/wp\/v2\/pages\/1442\/revisions\/6195"}],"wp:attachment":[{"href":"https:\/\/berghoff.eu\/en\/wp-json\/wp\/v2\/media?parent=1442"}],"curies":[{"name":"wp","href":"https:\/\/api.w.org\/{rel}","templated":true}]}}